{"id":760,"date":"2021-10-29T11:28:03","date_gmt":"2021-10-29T16:28:03","guid":{"rendered":"https:\/\/martharuiz-acuarelista.com\/test\/?page_id=760"},"modified":"2022-05-14T09:44:02","modified_gmt":"2022-05-14T14:44:02","slug":"libretas","status":"publish","type":"page","link":"https:\/\/martharuiz-acuarelista.com\/test\/libretas\/","title":{"rendered":"Libretas"},"content":{"rendered":"[vc_row full_width=\u00bbstretch_row\u00bb curly_bg_repeat=\u00bbbg-no-repeat\u00bb curly_bg_position=\u00bbbg-pos-center-bottom\u00bb curly_padding=\u00bbcontent-padding-xs\u00bb css=\u00bb.vc_custom_1626794426289{padding-top: 10% !important;background-color: #f5f5f5 !important;background-position: center !important;background-repeat: no-repeat !important;background-size: cover !important;}\u00bb][vc_column width=\u00bb1\/2&#8243;][vc_column_text]\n<h1 class=\"display-1\" style=\"color: #bf9e5e; font-size: 64px;\">Libretas<\/h1>\n[\/vc_column_text][vc_empty_space height=\u00bb\u00bb el_class=\u00bbxtd-spacer&#8211;lg\u00bb][vc_column_text]<span style=\"font-size: 20px;\">Papeles amigables con el medio ambiente.<br \/>\nEarth Pact 70 g, hechos 100% con fibra de ca\u00f1a de az\u00facar y totalmente libres de qu\u00edmicos blanqueadores. Color obtenido del bagazo de la ca\u00f1a. Encuadernaci\u00f3n al caballete, costura hilo rojo al centro.<br \/>\nCar\u00e1tula impresa a color en propalmate 150 g, laminado mate.<\/span>[\/vc_column_text][\/vc_column][vc_column width=\u00bb5\/12&#8243; offset=\u00bbvc_col-sm-offset-1&#8243;][vc_single_image image=\u00bb1327&#8243; img_size=\u00bblarge\u00bb style=\u00bbxtd-shadow&#8211;normal-normal\u00bb el_class=\u00bbxtd-offset-frame\u00bb][vc_single_image image=\u00bb1388&#8243; img_size=\u00bblarge\u00bb style=\u00bbxtd-shadow&#8211;normal-normal\u00bb el_class=\u00bbxtd-offset-frame\u00bb][\/vc_column][\/vc_row][vc_row full_width=\u00bbstretch_row\u00bb curly_bg_repeat=\u00bbbg-no-repeat\u00bb curly_bg_position=\u00bbbg-pos-center-bottom\u00bb curly_padding=\u00bbcontent-padding-xs\u00bb css=\u00bb.vc_custom_1635523430127{margin-top: 20px !important;background-color: #f5f5f5 !important;background-position: center !important;background-repeat: no-repeat !important;background-size: cover !important;}\u00bb][vc_column width=\u00bb5\/12&#8243; offset=\u00bbvc_col-sm-offset-1&#8243;][vc_single_image image=\u00bb1325&#8243; img_size=\u00bblarge\u00bb style=\u00bbxtd-shadow&#8211;normal-normal\u00bb el_class=\u00bbxtd-offset-frame\u00bb][vc_column_text]\n<p class=\"lead\"><span style=\"color: #000000;\">Floral vertical<\/span><\/p>\n<p><span style=\"font-size: 20px; color: #b89d4f;\">Unidad $15.000\u00a0COP\u00a0 <i class=\"fa fa-shopping-bag\" style=\"color: #b89d4f;\" aria-hidden=\"true\"><\/i><\/span>\u00a0 \u00a0<span style=\"font-size: 18px; color: #000000;\"><a href=\"https:\/\/martharuiz-acuarelista.com\/test\/libretas-vertical\/\">Adquirir<\/a><\/span><br \/>\n<span style=\"font-size: 20px; color: #b89d4f;\">Juego X 4 $50.000\u00a0COP\u00a0 <i class=\"fa fa-shopping-bag\" style=\"color: #b89d4f;\" aria-hidden=\"true\"><\/i><\/span>\u00a0 \u00a0<span style=\"font-size: 18px; color: #000000;\"><a href=\"https:\/\/martharuiz-acuarelista.com\/test\/libretas-vertical\/\">Adquirir<\/a><\/span>[\/vc_column_text][\/vc_column][vc_column width=\u00bb1\/2&#8243;][vc_empty_space height=\u00bb\u00bb el_class=\u00bbxtd-spacer&#8211;lg\u00bb][vc_column_text]<span style=\"font-size: 36px;\">Referencia vertical<\/span><br \/>\n<span style=\"font-size: 26px;\">Tama\u00f1o 11 x 21,5 cm<\/span><br \/>\n<span style=\"font-size: 26px;\">64 p\u00e1ginas (32 hojas sin impresi\u00f3n)<\/span>[\/vc_column_text][\/vc_column][\/vc_row][vc_row full_width=\u00bbstretch_row\u00bb curly_bg_repeat=\u00bbbg-no-repeat\u00bb curly_bg_position=\u00bbbg-pos-center-bottom\u00bb curly_padding=\u00bbcontent-padding-xs\u00bb css=\u00bb.vc_custom_1635523464930{margin-top: 20px !important;padding-top: 10% !important;background-color: #f5f5f5 !important;background-position: center !important;background-repeat: no-repeat !important;background-size: cover !important;}\u00bb][vc_column width=\u00bb1\/2&#8243;][vc_empty_space height=\u00bb\u00bb el_class=\u00bbxtd-spacer&#8211;lg\u00bb][vc_column_text]<span style=\"font-size: 36px;\">Referencia cuadrado<\/span><br \/>\n<span style=\"font-size: 26px;\">Tama\u00f1o 19 x 21,9 cm<\/span><br \/>\n<span style=\"font-size: 26px;\">64 p\u00e1ginas (32 hojas sin impresi\u00f3n)<\/span>[\/vc_column_text][\/vc_column][vc_column width=\u00bb5\/12&#8243; offset=\u00bbvc_col-sm-offset-1&#8243;][vc_single_image image=\u00bb1326&#8243; img_size=\u00bblarge\u00bb style=\u00bbxtd-shadow&#8211;normal-normal\u00bb el_class=\u00bbxtd-offset-frame\u00bb][vc_column_text]\n<p class=\"lead\"><span style=\"color: #000000;\">Floral cuadrado<\/span><\/p>\n<p><span style=\"font-size: 20px; color: #b89d4f;\">Unidad $18.000\u00a0COP\u00a0 <i class=\"fa fa-shopping-bag\" style=\"color: #b89d4f;\" aria-hidden=\"true\"><\/i><\/span>\u00a0 \u00a0<span style=\"font-size: 18px; color: #000000;\"><a href=\"https:\/\/martharuiz-acuarelista.com\/test\/libretas-cuadradas\/\">Adquirir<\/a><\/span><br \/>\n<span style=\"font-size: 20px; color: #b89d4f;\">Juego X 4 $65.000\u00a0COP\u00a0 <i class=\"fa fa-shopping-bag\" style=\"color: #b89d4f;\" aria-hidden=\"true\"><\/i><\/span>\u00a0 \u00a0<span style=\"font-size: 18px; color: #000000;\"><a href=\"https:\/\/martharuiz-acuarelista.com\/test\/libretas-cuadradas\/\">Adquirir<\/a><\/span>[\/vc_column_text][\/vc_column][\/vc_row]\n","protected":false},"excerpt":{"rendered":"<p>[vc_row full_width=\u00bbstretch_row\u00bb curly_bg_repeat=\u00bbbg-no-repeat\u00bb curly_bg_position=\u00bbbg-pos-center-bottom\u00bb curly_padding=\u00bbcontent-padding-xs\u00bb css=\u00bb.vc_custom_1626794426289{padding-top: 10% !important;background-color: #f5f5f5 !important;background-position: center !important;background-repeat: no-repeat !important;background-size: cover !important;}\u00bb][vc_column width=\u00bb1\/2&#8243;][vc_column_text] Libretas [\/vc_column_text][vc_empty_space height=\u00bb\u00bb el_class=\u00bbxtd-spacer&#8211;lg\u00bb][vc_column_text]Papeles amigables con el medio ambiente. Earth Pact 70 g, hechos 100% con fibra de ca\u00f1a de az\u00facar y totalmente libres de qu\u00edmicos blanqueadores. Color obtenido del bagazo de la ca\u00f1a. Encuadernaci\u00f3n al caballete, costura hilo rojo al centro. Car\u00e1tula [&hellip;]<\/p>\n","protected":false},"author":1,"featured_media":0,"parent":0,"menu_order":5,"comment_status":"closed","ping_status":"closed","template":"","meta":{"footnotes":""},"class_list":["post-760","page","type-page","status-publish","hentry"],"_links":{"self":[{"href":"https:\/\/martharuiz-acuarelista.com\/test\/wp-json\/wp\/v2\/pages\/760","targetHints":{"allow":["GET"]}}],"collection":[{"href":"https:\/\/martharuiz-acuarelista.com\/test\/wp-json\/wp\/v2\/pages"}],"about":[{"href":"https:\/\/martharuiz-acuarelista.com\/test\/wp-json\/wp\/v2\/types\/page"}],"author":[{"embeddable":true,"href":"https:\/\/martharuiz-acuarelista.com\/test\/wp-json\/wp\/v2\/users\/1"}],"replies":[{"embeddable":true,"href":"https:\/\/martharuiz-acuarelista.com\/test\/wp-json\/wp\/v2\/comments?post=760"}],"version-history":[{"count":7,"href":"https:\/\/martharuiz-acuarelista.com\/test\/wp-json\/wp\/v2\/pages\/760\/revisions"}],"predecessor-version":[{"id":1537,"href":"https:\/\/martharuiz-acuarelista.com\/test\/wp-json\/wp\/v2\/pages\/760\/revisions\/1537"}],"wp:attachment":[{"href":"https:\/\/martharuiz-acuarelista.com\/test\/wp-json\/wp\/v2\/media?parent=760"}],"curies":[{"name":"wp","href":"https:\/\/api.w.org\/{rel}","templated":true}]}}