{"id":1565,"date":"2022-05-16T08:38:03","date_gmt":"2022-05-16T13:38:03","guid":{"rendered":"https:\/\/martharuiz-acuarelista.com\/test\/?page_id=1565"},"modified":"2022-05-16T08:38:04","modified_gmt":"2022-05-16T13:38:04","slug":"terminos-y-condiciones","status":"publish","type":"page","link":"https:\/\/martharuiz-acuarelista.com\/test\/terminos-y-condiciones\/","title":{"rendered":"T\u00e9rminos y Condiciones"},"content":{"rendered":"\n<h4 class=\"wp-block-heading\">Derechos de propiedad y aceptaci\u00f3n de uso<\/h4>\n\n\n\n<p>Esta p\u00e1gina web es propiedad y est\u00e1 operado por Martha Isabel Ruiz. Estos T\u00e9rminos establecen los t\u00e9rminos y condiciones bajo los cuales tu puedes usar nuestra p\u00e1gina web y servicios ofrecidos por nosotros. Esta p\u00e1gina web ofrece a los visitantes la exposici\u00f3n y posibilidad de compra de las obras pict\u00f3ricas de Martha Isabel Ruiz. Al acceder o usar la p\u00e1gina web de nuestro servicio, usted aprueba que haya le\u00eddo, entendido y aceptado estar sujeto a estos T\u00e9rminos:<\/p>\n\n\n\n<h4 class=\"wp-block-heading\">Responsabilidad Legal<\/h4>\n\n\n\n<p>Para usar nuestro p\u00e1gina web y \/ o recibir nuestros servicios, debes tener al menos 18 a\u00f1os de edad, o la mayor\u00eda de edad legal en tu jurisdicci\u00f3n, y poseer la autoridad legal, el derecho y la libertad para participar en estos T\u00e9rminos como un acuerdo vinculante. No tienes permitido utilizar esta p\u00e1gina web y \/ o recibir servicios si hacerlo est\u00e1 prohibido en tu pa\u00eds o en virtud de cualquier ley o regulaci\u00f3n aplicable a tu caso.<\/p>\n\n\n\n<h4 class=\"wp-block-heading\">T\u00e9rminos comerciales<\/h4>\n\n\n\n<p>Al comprar un art\u00edculo, aceptas que: (i) eres responsable de leer el listado completo del art\u00edculo antes de comprometerte a comprarlo: (ii) celebras un contrato legalmente vinculante para comprar un art\u00edculo cuando te comprometed a comprar un art\u00edculo y completar el proceso de check-out.<\/p>\n\n\n\n<p>Los precios que cobramos por usar nuestros servicios \/ para nuestros productos se enumeran en la p\u00e1gina web. Nos reservamos el derecho de cambiar nuestros precios para los productos que se muestran en cualquier momento y de corregir los errores de precios que pueden ocurrir inadvertidamente. Informaci\u00f3n adicional sobre precios e impuestos sobre las ventas est\u00e1 disponible en la p\u00e1gina de pagos.<\/p>\n\n\n\n<p>La tarifa por los servicios y cualquier otro cargo que pueda incurrir en relaci\u00f3n con tu uso del servicio, como los impuestos y las posibles tarifas de transacci\u00f3n, se cobrar\u00e1n a tu m\u00e9todo de pago.<\/p>\n\n\n\n<h4 class=\"wp-block-heading\">Devoluciones y reembolsos<\/h4>\n\n\n\n<p>Para cualquier producto no da\u00f1ado, simplemente devu\u00e9lvelo con los accesorios y el paquete incluidos junto con el recibo original (o recibo de regalo) dentro de los 14 d\u00edas posteriores a la fecha que recibiste el producto, y lo cambiaremos o te ofreceremos un reembolso basado en el m\u00e9todo de pago original . Adem\u00e1s, ten en cuenta lo siguiente: Los productos solo se pueden devolver en el pa\u00eds en el que se compraron originalmente. No se acepta devoluci\u00f3n de productos da\u00f1ados, sin sus empaques originales o en mal estado.<\/p>\n\n\n\n<h4 class=\"wp-block-heading\">Retenci\u00f3n de derecho a cambiar la oferta<\/h4>\n\n\n\n<p>Podemos, sin aviso previo, cambiar los servicios; dejar de proporcionar los servicios o cualquier caracter\u00edstica de los servicios que ofrecemos; o crear l\u00edmites para los servicios. Podemos suspender de manera permanente o temporal el acceso a los servicios sin previo aviso ni responsabilidad por cualquier motivo, o sin ning\u00fan motivo.<\/p>\n\n\n\n<h4 class=\"wp-block-heading\">Garant\u00edas y responsabilidad por servicios y productos<\/h4>\n\n\n\n<p>Cuando recibimos un reclamo de garant\u00eda v\u00e1lido de un producto que vendemos, repararemos el defecto relevante o reemplazaremos el producto. Si no podemos reparar o reemplazar el producto dentro de un tiempo razonable, el cliente tendr\u00e1 derecho a un reembolso total cuando nos devuelva el producto. Pagaremos el env\u00edo de los productos reparados o reemplazados al cliente y el cliente ser\u00e1 responsable de devolvernos el producto.<\/p>\n\n\n\n<h4 class=\"wp-block-heading\">Posesi\u00f3n de propiedad intelectual, derechos de autor y logos<\/h4>\n\n\n\n<p>El Servicio y todos los materiales incluidos o transferidos, incluyendo, sin limitaci\u00f3n, software, im\u00e1genes, texto, gr\u00e1ficos, logotipos, patentes, marcas registradas, marcas de servicio, derechos de autor, fotograf\u00edas, audio, videos, m\u00fasica y todos los Derechos de Propiedad Intelectual relacionados con ellos, son la propiedad exclusiva de Martha Isabel Ruiz. Salvo que se indique expl\u00edcitamente en este documento, no se considerar\u00e1 que nada en estos T\u00e9rminos crea una licencia en o bajo ninguno de dichos Derechos de Propiedad Intelectual, y tu aceptas no vender, licenciar, alquilar, modificar, distribuir, copiar, reproducir, transmitir, exhibir p\u00fablicamente, realizar p\u00fablicamente, publicar, adaptar, editar o crear trabajos derivados de los mismos.<\/p>\n\n\n\n<h4 class=\"wp-block-heading\">Derecho a suspender o cancelar la cuenta de usuario<\/h4>\n\n\n\n<p>Podemos terminar o suspender de manera permanente o temporal tu acceso al servicio sin previo aviso y responsabilidad por cualquier raz\u00f3n, incluso si a nuestra sola determinaci\u00f3n tu violas alguna disposici\u00f3n de estos T\u00e9rminos o cualquier ley o regulaci\u00f3n aplicable. Puedes descontinuar el uso y solicitar cancelar tu cuenta y \/ o cualquier servicio en cualquier momento. Sin perjuicio de lo contrario en lo que antecede, con respecto a las suscripciones renovadas autom\u00e1ticamente a los servicios pagados, dichas suscripciones se suspender\u00e1n solo al vencimiento del per\u00edodo correspondiente por el que ya has realizado el pago.<\/p>\n\n\n\n<h4 class=\"wp-block-heading\">Indemnizaci\u00f3n<\/h4>\n\n\n\n<p>Usted acuerda indemnizar y eximir de responsabilidad a Martha Isabel Ruiz de cualquier demanda, p\u00e9rdida, responsabilidad, reclamaci\u00f3n o gasto (incluidos los honorarios de abogados) que terceros realicen en tu contra como consecuencia de, o derivado de, o en relaci\u00f3n con tu uso de la p\u00e1gina web o cualquiera de los servicios ofrecidos en la p\u00e1gina web.<\/p>\n\n\n\n<h4 class=\"wp-block-heading\">Limitaci\u00f3n de responsabilidad<\/h4>\n\n\n\n<p>En la m\u00e1xima medida permitida por la ley aplicable, en ning\u00fan caso Martha Isabel Ruiz ser\u00e1 responsable por da\u00f1os indirectos, punitivos, incidentales, especiales, consecuentes o ejemplares, incluidos, entre otros, da\u00f1os por p\u00e9rdida de beneficios, buena voluntad, uso, datos. u otras p\u00e9rdidas intangibles, que surjan de o est\u00e9n relacionadas con el uso o la imposibilidad de utilizar el servicio.<\/p>\n\n\n\n<p>En la m\u00e1xima medida permitida por la ley aplicable, [el propietario la p\u00e1gina web] no asume responsabilidad alguna por (i) errores, errores o inexactitudes de contenido; (ii) lesiones personales o da\u00f1os a la propiedad, de cualquier naturaleza que sean, como resultado de tu acceso o uso de nuestro servicio; y (iii) cualquier acceso no autorizado o uso de nuestros servidores seguros y \/ o toda la informaci\u00f3n personal almacenada en los mismos.<\/p>\n\n\n\n<h4 class=\"wp-block-heading\">Cambio y modificaci\u00f3n de estos t\u00e9rminos<\/h4>\n\n\n\n<p>Nos reservamos el derecho de modificar estos t\u00e9rminos de vez en cuando a nuestra entera discreci\u00f3n. Por lo tanto, debes revisar estas p\u00e1ginas peri\u00f3dicamente. Cuando cambiemos los T\u00e9rminos de una manera material, te notificaremos que se han realizado cambios importantes en los T\u00e9rminos. El uso continuado de la p\u00e1gina web o nuestro servicio despu\u00e9s de dicho cambio constituye tu aceptaci\u00f3n de los nuevos T\u00e9rminos. Si no aceptas alguno de estos t\u00e9rminos o cualquier versi\u00f3n futura de los T\u00e9rminos, no uses o accedas (o contin\u00faes accediendo) a la p\u00e1gina web o al servicio.<\/p>\n\n\n\n<h4 class=\"wp-block-heading\">Emails y promociones de contenido<\/h4>\n\n\n\n<p>Acepta recibir de vez en cuando nuestros mensajes y materiales de promoci\u00f3n, por correo postal, correo electr\u00f3nico o cualquier otro formulario de contacto que nos proporciones (incluido tu n\u00famero de tel\u00e9fono para llamadas o mensajes de texto). Si no deseas recibir dichos materiales o avisos de promociones, simplemente av\u00edsanos en cualquier momento.<\/p>\n\n\n\n<h4 class=\"wp-block-heading\">Preferencia de ley y resoluci\u00f3n de disputas<\/h4>\n\n\n\n<p>Estos T\u00e9rminos, los derechos y recursos provistos aqu\u00ed, y todos y cada uno de los reclamos y disputas relacionados con este y \/ o los servicios, se regir\u00e1n, interpretar\u00e1n y aplicar\u00e1n en todos los aspectos \u00fanica y exclusivamente de conformidad con las leyes sustantivas internas de Colombia, sin respeto a sus principios de conflicto de leyes. Todos los reclamos y disputas se presentar\u00e1n y usted acepta que sean decididos exclusivamente por un tribunal de jurisdicci\u00f3n competente ubicada en Bogot\u00e1 D.C. La aplicaci\u00f3n de la Convenci\u00f3n de Contratos de las Naciones Unidas para la Venta Internacional de Bienes queda expresamente excluida.<\/p>\n\n\n\n<h4 class=\"wp-block-heading\">Atenci\u00f3n al cliente e informaci\u00f3n de contacto<\/h4>\n\n\n\n<p>contacto@martharuiz-acuarelista.com<\/p>\n","protected":false},"excerpt":{"rendered":"<p>Derechos de propiedad y aceptaci\u00f3n de uso Esta p\u00e1gina web es propiedad y est\u00e1 operado por Martha Isabel Ruiz. Estos T\u00e9rminos establecen los t\u00e9rminos y condiciones bajo los cuales tu puedes usar nuestra p\u00e1gina web y servicios ofrecidos por nosotros. Esta p\u00e1gina web ofrece a los visitantes la exposici\u00f3n y posibilidad de compra de las obras pict\u00f3ricas de Martha Isabel [&hellip;]<\/p>\n","protected":false},"author":1,"featured_media":0,"parent":0,"menu_order":0,"comment_status":"closed","ping_status":"closed","template":"","meta":{"footnotes":""},"class_list":["post-1565","page","type-page","status-publish","hentry"],"_links":{"self":[{"href":"https:\/\/martharuiz-acuarelista.com\/test\/wp-json\/wp\/v2\/pages\/1565","targetHints":{"allow":["GET"]}}],"collection":[{"href":"https:\/\/martharuiz-acuarelista.com\/test\/wp-json\/wp\/v2\/pages"}],"about":[{"href":"https:\/\/martharuiz-acuarelista.com\/test\/wp-json\/wp\/v2\/types\/page"}],"author":[{"embeddable":true,"href":"https:\/\/martharuiz-acuarelista.com\/test\/wp-json\/wp\/v2\/users\/1"}],"replies":[{"embeddable":true,"href":"https:\/\/martharuiz-acuarelista.com\/test\/wp-json\/wp\/v2\/comments?post=1565"}],"version-history":[{"count":1,"href":"https:\/\/martharuiz-acuarelista.com\/test\/wp-json\/wp\/v2\/pages\/1565\/revisions"}],"predecessor-version":[{"id":1566,"href":"https:\/\/martharuiz-acuarelista.com\/test\/wp-json\/wp\/v2\/pages\/1565\/revisions\/1566"}],"wp:attachment":[{"href":"https:\/\/martharuiz-acuarelista.com\/test\/wp-json\/wp\/v2\/media?parent=1565"}],"curies":[{"name":"wp","href":"https:\/\/api.w.org\/{rel}","templated":true}]}}