{"id":1107,"date":"2022-05-12T12:46:16","date_gmt":"2022-05-12T17:46:16","guid":{"rendered":"https:\/\/martharuiz-acuarelista.com\/test\/?page_id=1107"},"modified":"2022-05-14T06:51:16","modified_gmt":"2022-05-14T11:51:16","slug":"taller","status":"publish","type":"page","link":"https:\/\/martharuiz-acuarelista.com\/test\/taller\/","title":{"rendered":"Taller"},"content":{"rendered":"[vc_row full_width=\u00bbstretch_row\u00bb curly_bg_repeat=\u00bbbg-no-repeat\u00bb curly_bg_position=\u00bbbg-pos-center-bottom\u00bb curly_padding=\u00bbcontent-padding-xs\u00bb css=\u00bb.vc_custom_1626794426289{padding-top: 10% !important;background-color: #f5f5f5 !important;background-position: center !important;background-repeat: no-repeat !important;background-size: cover !important;}\u00bb][vc_column width=\u00bb1\/2&#8243;][vc_column_text]\n<h1 class=\"display-1\" style=\"color: #bf9e5e; font-size: 64px;\">Estudio Taller<\/h1>\n[\/vc_column_text][vc_empty_space height=\u00bb\u00bb el_class=\u00bbxtd-spacer&#8211;lg\u00bb][vc_column_text]<span style=\"font-size: 20px;\">Los talleres presenciales, m\u00e1s que una clase, son un tiempo para compartir el placer de pintar con acuarelas en un lugar rodeado de naturaleza, m\u00e1gica luz y c\u00e1lido clima.<\/span><\/p>\n<p><span style=\"font-size: 20px;\">Si te ha gustado lo que hacemos y tienes inter\u00e9s en experimentar un tiempo de gozo, env\u00edame un mensaje en <a href=\"https:\/\/martharuiz-acuarelista.com\/test\/visit-us\/\">contacto<\/a> y con gusto te ampliar\u00e9 la informaci\u00f3n.<\/span>[\/vc_column_text][\/vc_column][vc_column width=\u00bb5\/12&#8243; offset=\u00bbvc_col-sm-offset-1&#8243;][vc_single_image image=\u00bb1359&#8243; img_size=\u00bblarge\u00bb style=\u00bbxtd-shadow&#8211;normal-normal\u00bb el_class=\u00bbxtd-offset-frame\u00bb][\/vc_column][\/vc_row][vc_row css=\u00bb.vc_custom_1652378036160{padding-bottom: 0px !important;}\u00bb][vc_column][vc_text_separator title=\u00bbGaler\u00eda\u00bb][\/vc_column][\/vc_row][vc_row css=\u00bb.vc_custom_1652378095912{padding-top: 40px !important;padding-bottom: 0px !important;}\u00bb][vc_column width=\u00bb1\/2&#8243;][vc_single_image image=\u00bb1400&#8243; img_size=\u00bbfull\u00bb][\/vc_column][vc_column width=\u00bb1\/2&#8243;][vc_single_image image=\u00bb1403&#8243; img_size=\u00bbfull\u00bb][\/vc_column][\/vc_row][vc_row css=\u00bb.vc_custom_1652378116279{padding-top: 0px !important;padding-bottom: 0px !important;}\u00bb][vc_column width=\u00bb1\/2&#8243;][vc_single_image image=\u00bb1406&#8243; img_size=\u00bbfull\u00bb][\/vc_column][vc_column width=\u00bb1\/2&#8243;][vc_single_image image=\u00bb1404&#8243; img_size=\u00bbfull\u00bb][\/vc_column][\/vc_row][vc_row css=\u00bb.vc_custom_1652378116279{padding-top: 0px !important;padding-bottom: 0px !important;}\u00bb][vc_column width=\u00bb1\/2&#8243;][vc_single_image image=\u00bb1401&#8243; img_size=\u00bbfull\u00bb][\/vc_column][vc_column width=\u00bb1\/2&#8243;][vc_single_image image=\u00bb1417&#8243; img_size=\u00bbfull\u00bb][\/vc_column][\/vc_row][vc_row css=\u00bb.vc_custom_1652378116279{padding-top: 0px !important;padding-bottom: 0px !important;}\u00bb][vc_column width=\u00bb1\/2&#8243;][vc_single_image image=\u00bb1413&#8243; img_size=\u00bbfull\u00bb][\/vc_column][vc_column width=\u00bb1\/2&#8243;][vc_single_image image=\u00bb1411&#8243; img_size=\u00bbfull\u00bb][\/vc_column][\/vc_row][vc_row css=\u00bb.vc_custom_1652378116279{padding-top: 0px !important;padding-bottom: 0px !important;}\u00bb][vc_column width=\u00bb1\/2&#8243;][vc_single_image image=\u00bb1416&#8243; img_size=\u00bbfull\u00bb][\/vc_column][vc_column width=\u00bb1\/2&#8243;][vc_single_image image=\u00bb1415&#8243; img_size=\u00bbfull\u00bb][\/vc_column][\/vc_row]\n","protected":false},"excerpt":{"rendered":"<p>[vc_row full_width=\u00bbstretch_row\u00bb curly_bg_repeat=\u00bbbg-no-repeat\u00bb curly_bg_position=\u00bbbg-pos-center-bottom\u00bb curly_padding=\u00bbcontent-padding-xs\u00bb css=\u00bb.vc_custom_1626794426289{padding-top: 10% !important;background-color: #f5f5f5 !important;background-position: center !important;background-repeat: no-repeat !important;background-size: cover !important;}\u00bb][vc_column width=\u00bb1\/2&#8243;][vc_column_text] Estudio Taller [\/vc_column_text][vc_empty_space height=\u00bb\u00bb el_class=\u00bbxtd-spacer&#8211;lg\u00bb][vc_column_text]Los talleres presenciales, m\u00e1s que una clase, son un tiempo para compartir el placer de pintar con acuarelas en un lugar rodeado de naturaleza, m\u00e1gica luz y c\u00e1lido clima. Si te ha gustado lo que hacemos y tienes inter\u00e9s [&hellip;]<\/p>\n","protected":false},"author":1,"featured_media":0,"parent":0,"menu_order":5,"comment_status":"closed","ping_status":"closed","template":"","meta":{"footnotes":""},"class_list":["post-1107","page","type-page","status-publish","hentry"],"_links":{"self":[{"href":"https:\/\/martharuiz-acuarelista.com\/test\/wp-json\/wp\/v2\/pages\/1107","targetHints":{"allow":["GET"]}}],"collection":[{"href":"https:\/\/martharuiz-acuarelista.com\/test\/wp-json\/wp\/v2\/pages"}],"about":[{"href":"https:\/\/martharuiz-acuarelista.com\/test\/wp-json\/wp\/v2\/types\/page"}],"author":[{"embeddable":true,"href":"https:\/\/martharuiz-acuarelista.com\/test\/wp-json\/wp\/v2\/users\/1"}],"replies":[{"embeddable":true,"href":"https:\/\/martharuiz-acuarelista.com\/test\/wp-json\/wp\/v2\/comments?post=1107"}],"version-history":[{"count":7,"href":"https:\/\/martharuiz-acuarelista.com\/test\/wp-json\/wp\/v2\/pages\/1107\/revisions"}],"predecessor-version":[{"id":1462,"href":"https:\/\/martharuiz-acuarelista.com\/test\/wp-json\/wp\/v2\/pages\/1107\/revisions\/1462"}],"wp:attachment":[{"href":"https:\/\/martharuiz-acuarelista.com\/test\/wp-json\/wp\/v2\/media?parent=1107"}],"curies":[{"name":"wp","href":"https:\/\/api.w.org\/{rel}","templated":true}]}}